{"id":28,"date":"2023-06-16T17:21:10","date_gmt":"2023-06-16T17:21:10","guid":{"rendered":"http:\/\/immofair.immo\/?page_id=28"},"modified":"2024-06-13T08:55:00","modified_gmt":"2024-06-13T08:55:00","slug":"die-faire-wohnungsverwaltung","status":"publish","type":"page","link":"http:\/\/immofair.immo\/","title":{"rendered":"Bei uns k\u00f6nnen Sie sich als Investor und Eigent\u00fcmer zur\u00fccklehnen!"},"content":{"rendered":"\n<figure class=\"wp-block-image size-large\"><img loading=\"lazy\" decoding=\"async\" width=\"1024\" height=\"683\" src=\"http:\/\/immofair.immo\/wp-content\/uploads\/2024\/06\/Aue_Front-1-1024x683.webp\" alt=\"\" class=\"wp-image-113\" srcset=\"http:\/\/immofair.immo\/wp-content\/uploads\/2024\/06\/Aue_Front-1-1024x683.webp 1024w, http:\/\/immofair.immo\/wp-content\/uploads\/2024\/06\/Aue_Front-1-300x200.webp 300w, http:\/\/immofair.immo\/wp-content\/uploads\/2024\/06\/Aue_Front-1-768x512.webp 768w, http:\/\/immofair.immo\/wp-content\/uploads\/2024\/06\/Aue_Front-1.webp 1080w\" sizes=\"auto, (max-width: 1024px) 100vw, 1024px\" \/><\/figure>\n\n\n\n<blockquote class=\"wp-block-quote is-layout-flow wp-block-quote-is-layout-flow\">\n<p class=\"has-text-align-center\"><em><strong>Bei uns k\u00f6nnen Sie sich als Investor und Eigent\u00fcmer zur\u00fccklehnen!<\/strong><\/em><\/p>\n<\/blockquote>\n\n\n\n<p>Aus jahrelanger Erfahrung als Eigent\u00fcmer und Vermieter von Mehrfamilienh\u00e4usern deutschlandweit wissen wir worauf es wirklich ankommt. <strong>Zuverl\u00e4ssigkeit, Transparenz und Kostenbewusstsein<\/strong> sind unsere Markenzeichen.<\/p>\n\n\n\n<p><strong>Ohne ImmoFair<\/strong><br>\ud83d\ude41 keine Kostenkontrolle<br>\ud83d\ude41 Cashflow als Gl\u00fcckspiel<br>\ud83d\ude41 aufw\u00e4ndige Kommunikation<br><br><strong>Mit ImmoFair<\/strong><br>\ud83d\ude42 volle Transparenz und Kostenkontrolle<br>\ud83d\ude42 Planbarer Cashflow auf monatlicher Basis bis ein Jahr im Voraus<br>\ud83d\ude42 100% digitale Kommunikation \u00fcber Ihr Handy \/ Laptop <\/p>\n\n\n\n<p>Was konnten wir mit unserer Methode und unserem unternehmerischen Ansatz im Vergleich zu externen Verwaltern schaffen?<\/p>\n\n\n\n<ul class=\"wp-block-list\">\n<li>schnelle Neuvermietung von langj\u00e4hrigem Leerstand &#8211;&gt; 100% Vermietung!<\/li>\n\n\n\n<li>nahtlose Neuvermietungen und drastische Senkung von Provisionen<\/li>\n\n\n\n<li>Halbierung der Kosten f\u00fcr Wartung und Instandhaltung unserere eigenen Immoblien, ohne Abstriche an den Werterhalt und die Vermietbarkeit<\/li>\n\n\n\n<li>Ergebliche Reduzierung der s\u00e4umigen Mietzahlungen<\/li>\n\n\n\n<li>Steigerung der Zufriedenheit unserer Mieter<\/li>\n\n\n\n<li>Digitalisierung aller Kernprozesse und damit ein echter Vorteil durch geringere Kosten und mehr Geschwindigkeit!<\/li>\n<\/ul>\n\n\n\n<p>Diese Vorteile m\u00f6chten wir nun auch Ihnen anbieten! Wir verwalten Ihre Immobilie, als w\u00e4re es unsere eigene. Selbstst\u00e4ndig und <strong>mit unternehmerischen Denken<\/strong> finden wir f\u00fcr Sie L\u00f6sungen, die daf\u00fcr sorgen, dass sich Ihr Immobilieninvestment wirklich so auszahlt, wie Sie es geplant haben.<\/p>\n\n\n\n<blockquote class=\"wp-block-quote is-layout-flow wp-block-quote-is-layout-flow\">\n<p class=\"has-text-align-center\"><strong><em>20 Euro pro Monat pro Einheit im unschlagbaren Gesamtpaket!<\/em><\/strong><\/p>\n<\/blockquote>\n\n\n\n<div class=\"wp-block-buttons is-content-justification-center is-layout-flex wp-container-core-buttons-is-layout-a89b3969 wp-block-buttons-is-layout-flex\">\n<div class=\"wp-block-button is-style-fill\"><a class=\"wp-block-button__link has-background has-text-align-center wp-element-button\" href=\"http:\/\/immofair.immo\/?page_id=21\" style=\"background-color:#4ecca3\">Ihr Angebot in 2 Minuten anfordern!<\/a><\/div>\n<\/div>\n\n\n\n<p>Wir bieten Ihnen ein unschlagbares Gesamtpaket, welches Sie bereits nach kurzer Zeit sch\u00e4tzen werden!<\/p>\n\n\n\n<p><strong>Unser voll-digitales Verwalter-Paket PLUS:<\/strong><\/p>\n\n\n\n<ul class=\"wp-block-list\">\n<li>Mietverwaltung zum unschlagbaren Preis von 20 Euro pro verwaltete Einheit pro Monat<\/li>\n\n\n\n<li>Transparenz in Echtzeit \u00fcber Ihr Objekt auf Ihrem Mobiltelefon oder Laptop<\/li>\n\n\n\n<li>100% digitale Kommunikation von jedem Ort weltweit und das 24\/7<\/li>\n\n\n\n<li>realistische Cashflowplanung \u00fcber das gesamte Gesch\u00e4ftsjahr<\/li>\n\n\n\n<li>Beratung bei der Entwicklung Ihrer Immobilie und Mieterstruktur<\/li>\n<\/ul>\n\n\n\n<p>Wir sind der Immobilienverwalter, bei dem Digitalisierung, Schnelligkeit und Kosteneffizienz Ma\u00dfstab f\u00fcr alle Prozesse sind. Sie werden den Papierkram los &#8211; wir sind der Ansprechpartner f\u00fcr Mieter, Kommunen, Versicherer, Versorger, &#8230; S\u00e4mtliche Korrespondenz kommt bei uns an und wird Ihnen auf Abruf digital zur Verf\u00fcgung gestellt.<\/p>\n\n\n\n<p>Bei uns wird Nachhaltigkeit gro\u00df geschrieben. <strong>Wir werfen nicht mit Nebelkerzen, sondern bieten Ihnen handfeste Vorteile, die Sie in Euro und Cent messen k\u00f6nnen.<\/strong> <\/p>\n\n\n\n<p>Hier ein Beispiel: Eine Provision auf Neuvermietung erheben wir mit einem Faktor von 0,5x Monatskaltmiete nach den ersten drei Monaten und nochmal 0,7x Monatskaltmiete nach einem Jahr reibungsloser Vermietung. Wir sitzen mit Ihnen in einem Boot und holen Ihnen nur die Mieter, die wir selber auch gern h\u00e4tten.<\/p>\n\n\n\n<p>Weiteres Beispiel gef\u00e4llig? Gern! Bei uns bezahlen Sie nur f\u00fcr tats\u00e4chlich bewohnte Einheiten. Sollte sich eine Einheit tempor\u00e4r im Leerstand befinden, dann bezahlen Sie daf\u00fcr keinen Cent f\u00fcr die Verwaltung.<\/p>\n\n\n\n<p>Noch immer nicht \u00fcberzeugt? Wechseln Sie zu uns &#8211; wir erheben keine Abschlussgeb\u00fchr oder Entgelte zur Kunden-Neuanlage.<\/p>\n\n\n\n<blockquote class=\"wp-block-quote is-layout-flow wp-block-quote-is-layout-flow\">\n<p class=\"has-text-align-center\"><em><strong>Keine Abschlussgeb\u00fchren &#8211; kein Bearbeitungsentgelt f\u00fcr Neukunden!<\/strong><\/em><\/p>\n<\/blockquote>\n\n\n\n<div class=\"wp-block-buttons is-content-justification-center is-layout-flex wp-container-core-buttons-is-layout-a89b3969 wp-block-buttons-is-layout-flex\">\n<div class=\"wp-block-button\"><a class=\"wp-block-button__link has-background has-text-align-center wp-element-button\" href=\"http:\/\/immofair.immo\/?page_id=21\" style=\"background-color:#4ecca3\">Ihr Angebot in 2 Minuten anfordern!<\/a><\/div>\n<\/div>\n\n\n\n<p>Sie k\u00f6nnen darauf vertrauen, dass wir Ihre Immobilie mit dem gleichen Verst\u00e4ndnis verwalten, wie Sie es selber tun w\u00fcrden. Ihre unternehmerischer Erfolg ist unser Ziel und unsere Motivation. Wir k\u00fcmmern uns vollumf\u00e4nglich um alle Belange Ihrer Immobilie und binden Sie quasi in Echtzeit ein. So haben Sie stets &#8211; wenn Sie wollen &#8211; den \u00dcberblick.<\/p>\n\n\n\n<blockquote class=\"wp-block-quote is-layout-flow wp-block-quote-is-layout-flow\">\n<p class=\"has-text-align-center\"><strong><em>Vertrauen und volle Transparenz in Echtzeit &#8211; nat\u00fcrlich 100% digitalisiert!<\/em><\/strong><\/p>\n<\/blockquote>\n\n\n\n<p>Deshalb &#8211; z\u00f6gern Sie nicht und treffen Sie die Entscheidung die Sie als Vermieter und Investor finanziell voranbringt und Ihr Eigentum und Investment nachhaltig entwickelt. Fragen Ihr individuelles Angebot jetzt an! <\/p>\n\n\n\n<p>Wir bieten Ihnen einmalig gute Konditionen! Bei uns bezahlen Sie keine Abschlussgeb\u00fchr oder Entgelte zur Neuanlage. Unser Basispreis in H\u00f6he von 20 Euro pro verwaltete Einheit beinhaltet bereits alles, was Sie brauchen. Zuverl\u00e4ssig, transparent und undschlagbar g\u00fcnstig!<\/p>\n\n\n\n<blockquote class=\"wp-block-quote is-layout-flow wp-block-quote-is-layout-flow\">\n<p class=\"has-text-align-center\"><strong><em>Treffen Sie die Entscheidung, die Ihr Investment profitabler macht!<\/em><\/strong><\/p>\n<\/blockquote>\n\n\n\n<div class=\"wp-block-buttons is-content-justification-center is-layout-flex wp-container-core-buttons-is-layout-a89b3969 wp-block-buttons-is-layout-flex\">\n<div class=\"wp-block-button\"><a class=\"wp-block-button__link has-background wp-element-button\" href=\"http:\/\/immofair.immo\/?page_id=21\" style=\"background-color:#4ecca3\">Ihr Angebot in 2 Minuten anfordern!<\/a><\/div>\n<\/div>\n\n\n\n<p><\/p>\n","protected":false},"excerpt":{"rendered":"<p>Bei uns k\u00f6nnen Sie sich als Investor und Eigent\u00fcmer zur\u00fccklehnen! Aus jahrelanger Erfahrung als Eigent\u00fcmer und Vermieter von Mehrfamilienh\u00e4usern deutschlandweit wissen wir worauf es wirklich ankommt. Zuverl\u00e4ssigkeit, Transparenz und Kostenbewusstsein sind unsere Markenzeichen. Ohne ImmoFair\ud83d\ude41 keine Kostenkontrolle\ud83d\ude41 Cashflow als Gl\u00fcckspiel\ud83d\ude41 aufw\u00e4ndige Kommunikation Mit ImmoFair\ud83d\ude42 volle Transparenz und Kostenkontrolle\ud83d\ude42 Planbarer Cashflow auf monatlicher Basis bis ein [&hellip;]<\/p>\n","protected":false},"author":1,"featured_media":112,"parent":0,"menu_order":0,"comment_status":"closed","ping_status":"closed","template":"page-no-title","meta":{"footnotes":""},"class_list":["post-28","page","type-page","status-publish","has-post-thumbnail","hentry"],"_links":{"self":[{"href":"http:\/\/immofair.immo\/index.php?rest_route=\/wp\/v2\/pages\/28","targetHints":{"allow":["GET"]}}],"collection":[{"href":"http:\/\/immofair.immo\/index.php?rest_route=\/wp\/v2\/pages"}],"about":[{"href":"http:\/\/immofair.immo\/index.php?rest_route=\/wp\/v2\/types\/page"}],"author":[{"embeddable":true,"href":"http:\/\/immofair.immo\/index.php?rest_route=\/wp\/v2\/users\/1"}],"replies":[{"embeddable":true,"href":"http:\/\/immofair.immo\/index.php?rest_route=%2Fwp%2Fv2%2Fcomments&post=28"}],"version-history":[{"count":19,"href":"http:\/\/immofair.immo\/index.php?rest_route=\/wp\/v2\/pages\/28\/revisions"}],"predecessor-version":[{"id":129,"href":"http:\/\/immofair.immo\/index.php?rest_route=\/wp\/v2\/pages\/28\/revisions\/129"}],"wp:featuredmedia":[{"embeddable":true,"href":"http:\/\/immofair.immo\/index.php?rest_route=\/wp\/v2\/media\/112"}],"wp:attachment":[{"href":"http:\/\/immofair.immo\/index.php?rest_route=%2Fwp%2Fv2%2Fmedia&parent=28"}],"curies":[{"name":"wp","href":"https:\/\/api.w.org\/{rel}","templated":true}]}}